{"id":14148,"date":"2020-08-06T08:51:05","date_gmt":"2020-08-06T08:51:05","guid":{"rendered":"http:\/\/localhost\/wordpress\/darion\/?page_id=14148"},"modified":"2024-11-10T18:30:02","modified_gmt":"2024-11-10T23:30:02","slug":"home-6","status":"publish","type":"page","link":"https:\/\/tribecahm.com\/index.php\/home-6\/","title":{"rendered":"Pagina Principal"},"content":{"rendered":"\t\t<div data-elementor-type=\"wp-page\" data-elementor-id=\"14148\" class=\"elementor elementor-14148\" data-elementor-post-type=\"page\">\n\t\t\t\t\t\t<section class=\"elementor-section elementor-top-section elementor-element elementor-element-d3186e7 elementor-section-full_width elementor-section-height-default elementor-section-height-default\" data-id=\"d3186e7\" data-element_type=\"section\" data-e-type=\"section\">\n\t\t\t\t\t\t<div class=\"elementor-container elementor-column-gap-default\">\n\t\t\t\t\t<div class=\"elementor-column elementor-col-100 elementor-top-column elementor-element elementor-element-79211d3\" data-id=\"79211d3\" data-element_type=\"column\" data-e-type=\"column\">\n\t\t\t<div class=\"elementor-widget-wrap elementor-element-populated\">\n\t\t\t\t\t\t<div class=\"elementor-element elementor-element-e1501e5 elementor-widget elementor-widget-slider_revolution\" data-id=\"e1501e5\" data-element_type=\"widget\" data-e-type=\"widget\" data-widget_type=\"slider_revolution.default\">\n\t\t\t\t<div class=\"elementor-widget-container\">\n\t\t\t\t\t\n\t\t<div class=\"wp-block-themepunch-revslider\">\n\t\t\t\t<p class=\"rs-p-wp-fix\"><\/p>\n\t\t\t\t<sr7-module data-alias=\"slider-6\" data-id=\"6\" id=\"SR7_6_1\" class=\"next-slider3 rs-ov-hidden\" data-version=\"6.7.54\">\n\t\t\t\t\t<sr7-adjuster><\/sr7-adjuster>\n\t\t\t\t\t<sr7-content>\n\t\t\t\t\t\t<sr7-slide id=\"SR7_6_1-16\" data-key=\"16\">\n\t\t\t\t\t\t\t<sr7-bg id=\"SR7_6_1-16-3\" class=\"sr7-layer\"><noscript><img decoding=\"async\" src=\"https:\/\/tribecahm0.wpcomstaging.com\/wp-content\/uploads\/2024\/11\/Slider01-100.jpg\" alt=\"\" title=\"Slider01-100\"><\/noscript><\/sr7-bg>\n\t\t\t\t\t\t\t<sr7-txt id=\"SR7_6_1-16-1\" class=\"sr7-layer\">Carro Bar<br \/>\nAmaro<\/sr7-txt>\n\t\t\t\t\t\t\t<a id=\"SR7_6_1-16-2\" class=\"sr7-layer\" href=\"https:\/\/wpbingosite.com\/wordpress\/darion\/shop\/\" target=\"_self\">Comprar ahora<\/a>\n\t\t\t\t\t\t<\/sr7-slide>\n\t\t\t\t\t\t<sr7-slide id=\"SR7_6_1-17\" data-key=\"17\">\n\t\t\t\t\t\t\t<sr7-bg id=\"SR7_6_1-17-3\" class=\"sr7-layer\"><noscript><img decoding=\"async\" src=\"https:\/\/tribecahm0.wpcomstaging.com\/wp-content\/uploads\/2024\/11\/Slider02-100.jpg\" alt=\"\" title=\"Slider02-100\"><\/noscript><\/sr7-bg>\n\t\t\t\t\t\t\t<sr7-txt id=\"SR7_6_1-17-1\" class=\"sr7-layer\">Silla Liz<\/sr7-txt>\n\t\t\t\t\t\t\t<a id=\"SR7_6_1-17-2\" class=\"sr7-layer\" href=\"https:\/\/wpbingosite.com\/wordpress\/darion\/shop\/\" target=\"_self\">Comprar ahora<\/a>\n\t\t\t\t\t\t<\/sr7-slide>\n\t\t\t\t\t\t<sr7-slide id=\"SR7_6_1-18\" data-key=\"18\">\n\t\t\t\t\t\t\t<sr7-bg id=\"SR7_6_1-18-3\" class=\"sr7-layer\"><noscript><img decoding=\"async\" src=\"https:\/\/tribecahm0.wpcomstaging.com\/wp-content\/uploads\/2024\/11\/Slider03-100.jpg\" alt=\"\" title=\"Slider03-100\"><\/noscript><\/sr7-bg>\n\t\t\t\t\t\t\t<sr7-txt id=\"SR7_6_1-18-1\" class=\"sr7-layer\">Mesa Penha<\/sr7-txt>\n\t\t\t\t\t\t\t<a id=\"SR7_6_1-18-2\" class=\"sr7-layer\" href=\"https:\/\/wpbingosite.com\/wordpress\/darion\/shop\/\" target=\"_self\">Comprar Ahora<\/a>\n\t\t\t\t\t\t<\/sr7-slide>\n\t\t\t\t\t\t<sr7-slide id=\"SR7_6_1-30\" data-key=\"30\">\n\t\t\t\t\t\t<\/sr7-slide>\n\t\t\t\t\t<\/sr7-content>\n\t\t\t\t\t<image_lists style=\"display:none\">\n\t\t\t\t\t\t<img data-src=\"\/\/tribecahm0.wpcomstaging.com\/wp-content\/uploads\/2024\/11\/Slider01-100.jpg\" data-libid=\"50823\" data-lib=\"medialibrary\" title=\"Slider01-100\" width=\"0\" height=\"0\" data-dbsrc=\"Ly90cmliZWNhaG0wLndwY29tc3RhZ2luZy5jb20vd3AtY29udGVudC91cGxvYWRzLzIwMjQvMTEvU2xpZGVyMDEtMTAwLmpwZw==\"\/>\n\t\t\t\t\t\t<img data-src=\"\/\/tribecahm0.wpcomstaging.com\/wp-content\/uploads\/2024\/11\/Slider02-100.jpg\" data-libid=\"50824\" data-lib=\"medialibrary\" title=\"Slider02-100\" width=\"0\" height=\"0\" data-dbsrc=\"Ly90cmliZWNhaG0wLndwY29tc3RhZ2luZy5jb20vd3AtY29udGVudC91cGxvYWRzLzIwMjQvMTEvU2xpZGVyMDItMTAwLmpwZw==\"\/>\n\t\t\t\t\t\t<img data-src=\"\/\/tribecahm0.wpcomstaging.com\/wp-content\/uploads\/2024\/11\/Slider03-100.jpg\" data-libid=\"50825\" data-lib=\"medialibrary\" title=\"Slider03-100\" width=\"0\" height=\"0\" data-dbsrc=\"Ly90cmliZWNhaG0wLndwY29tc3RhZ2luZy5jb20vd3AtY29udGVudC91cGxvYWRzLzIwMjQvMTEvU2xpZGVyMDMtMTAwLmpwZw==\"\/>\n\t\t\t\t\t<\/image_lists>\n\t\t\t\t<\/sr7-module>\n\t\t\t\t<script>\n\t\t\t\t\twindow.SR7 ??={};SR7.PMH ??={}; SR7.PMH[\"SR7_6_1\"] = {cn:100,state:false,fn: function() { if (window._tpt!==undefined && window._tpt.prepareModuleHeight !== undefined) {  _tpt.prepareModuleHeight({id:\"SR7_6_1\",el:[1000,1000,650,550,500],type:'standard',shdw:'0',gh:[1000,1000,650,550,500],gw:[1920,1920,1024,778,480],vpt:['-200px&#039;,&#039;-200px&#039;,&#039;-200px&#039;,&#039;-200px&#039;,&#039;-200px'],size:{fullWidth:true, fullHeight:false},mh:'0',onh:0,onw:0,bg:{color:'{\"orig\":\"transparent\",\"type\":\"solid\",\"string\":\"transparent\"}'},plType:'5',plColor:'#FFFFFF'});   SR7.PMH[\"SR7_6_1\"].state=true;} else if(SR7.PMH[\"SR7_6_1\"].cn-->0)\tsetTimeout( SR7.PMH[\"SR7_6_1\"].fn,19);}};SR7.PMH[\"SR7_6_1\" ].fn();\n\t\t\t\t<\/script>\n<\/div>\n\n\t\t\t\t\t\t<\/div>\n\t\t\t\t<\/div>\n\t\t\t\t\t<\/div>\n\t\t<\/div>\n\t\t\t\t\t<\/div>\n\t\t<\/section>\n\t\t\t\t<section class=\"elementor-section elementor-top-section elementor-element elementor-element-25fd7d5 elementor-section-boxed elementor-section-height-default elementor-section-height-default\" data-id=\"25fd7d5\" data-element_type=\"section\" data-e-type=\"section\">\n\t\t\t\t\t\t<div class=\"elementor-container elementor-column-gap-default\">\n\t\t\t\t\t<div class=\"elementor-column elementor-col-25 elementor-top-column elementor-element elementor-element-9305b1a\" data-id=\"9305b1a\" data-element_type=\"column\" data-e-type=\"column\">\n\t\t\t<div class=\"elementor-widget-wrap\">\n\t\t\t\t\t\t\t<\/div>\n\t\t<\/div>\n\t\t\t\t<div class=\"elementor-column elementor-col-25 elementor-top-column elementor-element elementor-element-f618032\" data-id=\"f618032\" data-element_type=\"column\" data-e-type=\"column\">\n\t\t\t<div class=\"elementor-widget-wrap\">\n\t\t\t\t\t\t\t<\/div>\n\t\t<\/div>\n\t\t\t\t<div class=\"elementor-column elementor-col-25 elementor-top-column elementor-element elementor-element-d0b1a48\" data-id=\"d0b1a48\" data-element_type=\"column\" data-e-type=\"column\">\n\t\t\t<div class=\"elementor-widget-wrap\">\n\t\t\t\t\t\t\t<\/div>\n\t\t<\/div>\n\t\t\t\t<div class=\"elementor-column elementor-col-25 elementor-top-column elementor-element elementor-element-277118e\" data-id=\"277118e\" data-element_type=\"column\" data-e-type=\"column\">\n\t\t\t<div class=\"elementor-widget-wrap\">\n\t\t\t\t\t\t\t<\/div>\n\t\t<\/div>\n\t\t\t\t\t<\/div>\n\t\t<\/section>\n\t\t\t\t<section class=\"elementor-section elementor-top-section elementor-element elementor-element-5f7fe64 elementor-section-boxed elementor-section-height-default elementor-section-height-default\" data-id=\"5f7fe64\" data-element_type=\"section\" data-e-type=\"section\">\n\t\t\t\t\t\t<div class=\"elementor-container elementor-column-gap-default\">\n\t\t\t\t\t<div class=\"elementor-column elementor-col-100 elementor-top-column elementor-element elementor-element-f6dd95d\" data-id=\"f6dd95d\" data-element_type=\"column\" data-e-type=\"column\">\n\t\t\t<div class=\"elementor-widget-wrap\">\n\t\t\t\t\t\t\t<\/div>\n\t\t<\/div>\n\t\t\t\t\t<\/div>\n\t\t<\/section>\n\t\t\t\t<section class=\"elementor-section elementor-top-section elementor-element elementor-element-8cb499a elementor-section-full_width elementor-section-height-default elementor-section-height-default\" data-id=\"8cb499a\" data-element_type=\"section\" data-e-type=\"section\">\n\t\t\t\t\t\t<div class=\"elementor-container elementor-column-gap-default\">\n\t\t\t\t\t<div class=\"elementor-column elementor-col-33 elementor-top-column elementor-element elementor-element-04e80cf\" data-id=\"04e80cf\" data-element_type=\"column\" data-e-type=\"column\">\n\t\t\t<div class=\"elementor-widget-wrap\">\n\t\t\t\t\t\t\t<\/div>\n\t\t<\/div>\n\t\t\t\t<div class=\"elementor-column elementor-col-33 elementor-top-column elementor-element elementor-element-452fda5\" data-id=\"452fda5\" data-element_type=\"column\" data-e-type=\"column\">\n\t\t\t<div class=\"elementor-widget-wrap\">\n\t\t\t\t\t\t\t<\/div>\n\t\t<\/div>\n\t\t\t\t<div class=\"elementor-column elementor-col-33 elementor-top-column elementor-element elementor-element-e14f235\" data-id=\"e14f235\" data-element_type=\"column\" data-e-type=\"column\">\n\t\t\t<div class=\"elementor-widget-wrap\">\n\t\t\t\t\t\t\t<\/div>\n\t\t<\/div>\n\t\t\t\t\t<\/div>\n\t\t<\/section>\n\t\t\t\t<section class=\"elementor-section elementor-top-section elementor-element elementor-element-9936ac6 elementor-section-boxed elementor-section-height-default elementor-section-height-default\" data-id=\"9936ac6\" data-element_type=\"section\" data-e-type=\"section\" data-settings=\"{&quot;background_background&quot;:&quot;classic&quot;}\">\n\t\t\t\t\t\t<div class=\"elementor-container elementor-column-gap-default\">\n\t\t\t\t\t<div class=\"elementor-column elementor-col-100 elementor-top-column elementor-element elementor-element-30f6761\" data-id=\"30f6761\" data-element_type=\"column\" data-e-type=\"column\">\n\t\t\t<div class=\"elementor-widget-wrap elementor-element-populated\">\n\t\t\t\t\t\t<div class=\"elementor-element elementor-element-6ec4478 elementor-widget elementor-widget-heading\" data-id=\"6ec4478\" data-element_type=\"widget\" data-e-type=\"widget\" data-widget_type=\"heading.default\">\n\t\t\t\t<div class=\"elementor-widget-container\">\n\t\t\t\t\t<h2 class=\"elementor-heading-title elementor-size-default\">Testimonios<\/h2>\t\t\t\t<\/div>\n\t\t\t\t<\/div>\n\t\t\t\t\t<\/div>\n\t\t<\/div>\n\t\t\t\t\t<\/div>\n\t\t<\/section>\n\t\t\t\t<section class=\"elementor-section elementor-top-section elementor-element elementor-element-03b1f4e elementor-section-boxed elementor-section-height-default elementor-section-height-default\" data-id=\"03b1f4e\" data-element_type=\"section\" data-e-type=\"section\">\n\t\t\t\t\t\t<div class=\"elementor-container elementor-column-gap-default\">\n\t\t\t\t\t<div class=\"elementor-column elementor-col-100 elementor-top-column elementor-element elementor-element-6feb49f\" data-id=\"6feb49f\" data-element_type=\"column\" data-e-type=\"column\">\n\t\t\t<div class=\"elementor-widget-wrap\">\n\t\t\t\t\t\t\t<\/div>\n\t\t<\/div>\n\t\t\t\t\t<\/div>\n\t\t<\/section>\n\t\t\t\t<section class=\"elementor-section elementor-top-section elementor-element elementor-element-d6dd054 elementor-section-boxed elementor-section-height-default elementor-section-height-default\" data-id=\"d6dd054\" data-element_type=\"section\" data-e-type=\"section\">\n\t\t\t\t\t\t<div class=\"elementor-container elementor-column-gap-default\">\n\t\t\t\t\t<div class=\"elementor-column elementor-col-100 elementor-top-column elementor-element elementor-element-aa888fe\" data-id=\"aa888fe\" data-element_type=\"column\" data-e-type=\"column\">\n\t\t\t<div class=\"elementor-widget-wrap elementor-element-populated\">\n\t\t\t\t\t\t<div class=\"elementor-element elementor-element-88c1c0e elementor-widget-divider--view-line elementor-widget elementor-widget-divider\" data-id=\"88c1c0e\" data-element_type=\"widget\" data-e-type=\"widget\" data-widget_type=\"divider.default\">\n\t\t\t\t<div class=\"elementor-widget-container\">\n\t\t\t\t\t\t\t<div class=\"elementor-divider\">\n\t\t\t<span class=\"elementor-divider-separator\">\n\t\t\t\t\t\t<\/span>\n\t\t<\/div>\n\t\t\t\t\t\t<\/div>\n\t\t\t\t<\/div>\n\t\t\t\t\t<\/div>\n\t\t<\/div>\n\t\t\t\t\t<\/div>\n\t\t<\/section>\n\t\t<div class=\"elementor-element elementor-element-3688273 e-flex e-con-boxed e-con e-parent\" data-id=\"3688273\" data-element_type=\"container\" data-e-type=\"container\">\n\t\t\t\t\t<div class=\"e-con-inner\">\n\t\t<div class=\"elementor-element elementor-element-67451f3 e-con-full e-flex e-con e-child\" data-id=\"67451f3\" data-element_type=\"container\" data-e-type=\"container\">\n\t\t\t\t<div class=\"elementor-element elementor-element-70063d6 elementor-widget elementor-widget-text-editor\" data-id=\"70063d6\" data-element_type=\"widget\" data-e-type=\"widget\" data-widget_type=\"text-editor.default\">\n\t\t\t\t<div class=\"elementor-widget-container\">\n\t\t\t\t\t\t\t\t\t<h2 style=\"font-size: var(--system-14-font-size); margin: 0px; padding: 0px; font-family: -apple-system, BlinkMacSystemFont, &quot;Segoe UI&quot;, Roboto, Helvetica, Arial, sans-serif; line-height: var(--system-14-line-height); text-align: start; background-color: rgb(255, 255, 255);\">The Plaza Via Israel, frente al instituto Don Bosco, Panama City, Panama<\/h2><div><span style=\"color: rgb(0, 0, 0); font-family: -apple-system, BlinkMacSystemFont, &quot;Segoe UI&quot;, Roboto, Helvetica, Arial, sans-serif; text-align: start; background-color: rgb(255, 255, 255);\">270-4055<\/span><br style=\"color: rgb(0, 0, 0); font-family: -apple-system, BlinkMacSystemFont, &quot;Segoe UI&quot;, Roboto, Helvetica, Arial, sans-serif; text-align: start; background-color: rgb(255, 255, 255);\"><span style=\"color: rgb(0, 0, 0); font-family: -apple-system, BlinkMacSystemFont, &quot;Segoe UI&quot;, Roboto, Helvetica, Arial, sans-serif; text-align: start; background-color: rgb(255, 255, 255);\">\ud83d\udd52 L-S 10:00 am &#8211; 6:30pm<\/span><\/div>\t\t\t\t\t\t\t\t<\/div>\n\t\t\t\t<\/div>\n\t\t\t\t<\/div>\n\t\t<div class=\"elementor-element elementor-element-0bcd2cb e-con-full e-flex e-con e-child\" data-id=\"0bcd2cb\" data-element_type=\"container\" data-e-type=\"container\">\n\t\t\t\t<\/div>\n\t\t\t\t\t<\/div>\n\t\t\t\t<\/div>\n\t\t\t\t<\/div>\n\t\t","protected":false},"excerpt":{"rendered":"<p>Lamparas De Dise\u00f1o Mesitas de Noche Elegantes Muebles de Sal\u00f3n Con el Mejor Acabado Sofas Y Sofas-Cama Nuevos Productos All Bancos Silla Sofa date -5% Quick ViewA\u00f1adir a la lista de deseos A\u00f1adir al carrito A\u00f1adir a la lista de deseos Quick View Silla de comedor Carioca 02 GS0406 TELA 1091 AZUL &#36;516.00 El precio [&hellip;]<\/p>\n","protected":false},"author":1,"featured_media":0,"parent":0,"menu_order":0,"comment_status":"closed","ping_status":"closed","template":"page-templates\/homepage.php","meta":{"footnotes":""},"class_list":["post-14148","page","type-page","status-publish","hentry"],"jetpack_sharing_enabled":true,"_links":{"self":[{"href":"https:\/\/tribecahm.com\/index.php\/wp-json\/wp\/v2\/pages\/14148","targetHints":{"allow":["GET"]}}],"collection":[{"href":"https:\/\/tribecahm.com\/index.php\/wp-json\/wp\/v2\/pages"}],"about":[{"href":"https:\/\/tribecahm.com\/index.php\/wp-json\/wp\/v2\/types\/page"}],"author":[{"embeddable":true,"href":"https:\/\/tribecahm.com\/index.php\/wp-json\/wp\/v2\/users\/1"}],"replies":[{"embeddable":true,"href":"https:\/\/tribecahm.com\/index.php\/wp-json\/wp\/v2\/comments?post=14148"}],"version-history":[{"count":30,"href":"https:\/\/tribecahm.com\/index.php\/wp-json\/wp\/v2\/pages\/14148\/revisions"}],"predecessor-version":[{"id":51592,"href":"https:\/\/tribecahm.com\/index.php\/wp-json\/wp\/v2\/pages\/14148\/revisions\/51592"}],"wp:attachment":[{"href":"https:\/\/tribecahm.com\/index.php\/wp-json\/wp\/v2\/media?parent=14148"}],"curies":[{"name":"wp","href":"https:\/\/api.w.org\/{rel}","templated":true}]}}