{"id":51225,"date":"2025-03-12T20:37:58","date_gmt":"2025-03-13T01:37:58","guid":{"rendered":"https:\/\/tribecahm.com\/?post_type=product&#038;p=51225"},"modified":"2026-03-16T16:53:22","modified_gmt":"2026-03-16T21:53:22","slug":"silla-nord-phala","status":"publish","type":"product","link":"https:\/\/tribecahm.com\/index.php\/producto\/silla-nord-phala\/","title":{"rendered":"SILLA NORD PHALA"},"content":{"rendered":"<p>Los colores de las telas y tonalidades de los materiales de los productos que ofrecemos en nuestra p\u00e1gina web y redes sociales pueden diferir ligeramente de los tonos reales debido a las variaciones en la resoluci\u00f3n de su pantalla o monitor. Para garantizar una mayor precisi\u00f3n, recomendamos que verifique los colores en nuestra tienda antes de realizar su pedido, evitando as\u00ed cualquier confusi\u00f3n o la compra de un art\u00edculo diferente al esperado.<\/p>\n<p>70% de descuento aplica desde el 16 de marzo hasta el 15 de junio del 2026 o hasta agotar existencia, solo una unidad disponible.<\/p>\n<p>Precios podr\u00edan variar sin previo aviso.<\/p>\n<p>Precios no incluye I.T.B.M.S.<\/p>\n<p>&nbsp;<\/p>\n","protected":false},"excerpt":{"rendered":"<p>Dise\u00f1o n\u00f3rdico con l\u00edneas elegantes y materiales de alta calidad. Su asiento ergon\u00f3mico y estructura resistente la hacen ideal para comedores y espacios modernos.<\/p>\n<p>&nbsp;<\/p>\n","protected":false},"featured_media":54431,"template":"","meta":[],"product_brand":[],"product_cat":[240,142],"product_tag":[],"class_list":{"0":"post-51225","1":"product","2":"type-product","3":"status-publish","4":"has-post-thumbnail","6":"product_cat-enoferta","7":"product_cat-sillasdecomedor","9":"first","10":"instock","11":"sale","12":"taxable","13":"shipping-taxable","14":"product-type-simple"},"jetpack_sharing_enabled":true,"_links":{"self":[{"href":"https:\/\/tribecahm.com\/index.php\/wp-json\/wp\/v2\/product\/51225","targetHints":{"allow":["GET"]}}],"collection":[{"href":"https:\/\/tribecahm.com\/index.php\/wp-json\/wp\/v2\/product"}],"about":[{"href":"https:\/\/tribecahm.com\/index.php\/wp-json\/wp\/v2\/types\/product"}],"version-history":[{"count":11,"href":"https:\/\/tribecahm.com\/index.php\/wp-json\/wp\/v2\/product\/51225\/revisions"}],"predecessor-version":[{"id":54465,"href":"https:\/\/tribecahm.com\/index.php\/wp-json\/wp\/v2\/product\/51225\/revisions\/54465"}],"wp:featuredmedia":[{"embeddable":true,"href":"https:\/\/tribecahm.com\/index.php\/wp-json\/wp\/v2\/media\/54431"}],"wp:attachment":[{"href":"https:\/\/tribecahm.com\/index.php\/wp-json\/wp\/v2\/media?parent=51225"}],"wp:term":[{"taxonomy":"product_brand","embeddable":true,"href":"https:\/\/tribecahm.com\/index.php\/wp-json\/wp\/v2\/product_brand?post=51225"},{"taxonomy":"product_cat","embeddable":true,"href":"https:\/\/tribecahm.com\/index.php\/wp-json\/wp\/v2\/product_cat?post=51225"},{"taxonomy":"product_tag","embeddable":true,"href":"https:\/\/tribecahm.com\/index.php\/wp-json\/wp\/v2\/product_tag?post=51225"}],"curies":[{"name":"wp","href":"https:\/\/api.w.org\/{rel}","templated":true}]}}