{"id":53524,"date":"2025-09-19T20:36:11","date_gmt":"2025-09-20T01:36:11","guid":{"rendered":"https:\/\/tribecahm.com\/index.php\/producto\/silla-mia\/"},"modified":"2026-03-16T13:58:20","modified_gmt":"2026-03-16T18:58:20","slug":"silla-mia","status":"publish","type":"product","link":"https:\/\/tribecahm.com\/index.php\/producto\/silla-mia\/","title":{"rendered":"SILLA MIA"},"content":{"rendered":"<p>Los colores de las telas y tonalidades de los materiales de los productos que ofrecemos en nuestra p\u00e1gina web y redes sociales pueden diferir ligeramente de los tonos reales debido a las variaciones en la resoluci\u00f3n de su pantalla o monitor. Para garantizar una mayor precisi\u00f3n, recomendamos que verifique los colores en nuestra tienda antes de realizar su pedido, evitando as\u00ed cualquier confusi\u00f3n o la compra de un art\u00edculo diferente al esperado.<\/p>\n<p>40% de descuento por cambio de colecci\u00f3n, desde el 16 de marzo del 2026 hasta el 15 de junio del 2026.<\/p>\n<p>8 unidades disponibles.<\/p>\n<p>Precios podr\u00edan variar sin previo aviso.<\/p>\n<p>Precios no incluye I.T.B.M.S.<\/p>\n","protected":false},"excerpt":{"rendered":"<p>La <strong data-start=\"195\" data-end=\"208\">Silla Mia<\/strong> es un dise\u00f1o vers\u00e1til y funcional que destaca por su sencillez elegante. Con estructura en <strong data-start=\"300\" data-end=\"317\">madera maciza<\/strong> de acabado natural y asiento tapizado en <strong data-start=\"359\" data-end=\"387\">tela de alta resistencia<\/strong>, combina comodidad y estilo en una pieza compacta.<\/p>\n","protected":false},"featured_media":53726,"template":"","meta":[],"product_brand":[],"product_cat":[241,55,142],"product_tag":[],"class_list":{"0":"post-53524","1":"product","2":"type-product","3":"status-publish","4":"has-post-thumbnail","6":"product_cat-4newin","7":"product_cat-areadecomedor","8":"product_cat-sillasdecomedor","10":"first","11":"instock","12":"sale","13":"taxable","14":"shipping-taxable","15":"product-type-simple"},"jetpack_sharing_enabled":true,"_links":{"self":[{"href":"https:\/\/tribecahm.com\/index.php\/wp-json\/wp\/v2\/product\/53524","targetHints":{"allow":["GET"]}}],"collection":[{"href":"https:\/\/tribecahm.com\/index.php\/wp-json\/wp\/v2\/product"}],"about":[{"href":"https:\/\/tribecahm.com\/index.php\/wp-json\/wp\/v2\/types\/product"}],"version-history":[{"count":9,"href":"https:\/\/tribecahm.com\/index.php\/wp-json\/wp\/v2\/product\/53524\/revisions"}],"predecessor-version":[{"id":54446,"href":"https:\/\/tribecahm.com\/index.php\/wp-json\/wp\/v2\/product\/53524\/revisions\/54446"}],"wp:featuredmedia":[{"embeddable":true,"href":"https:\/\/tribecahm.com\/index.php\/wp-json\/wp\/v2\/media\/53726"}],"wp:attachment":[{"href":"https:\/\/tribecahm.com\/index.php\/wp-json\/wp\/v2\/media?parent=53524"}],"wp:term":[{"taxonomy":"product_brand","embeddable":true,"href":"https:\/\/tribecahm.com\/index.php\/wp-json\/wp\/v2\/product_brand?post=53524"},{"taxonomy":"product_cat","embeddable":true,"href":"https:\/\/tribecahm.com\/index.php\/wp-json\/wp\/v2\/product_cat?post=53524"},{"taxonomy":"product_tag","embeddable":true,"href":"https:\/\/tribecahm.com\/index.php\/wp-json\/wp\/v2\/product_tag?post=53524"}],"curies":[{"name":"wp","href":"https:\/\/api.w.org\/{rel}","templated":true}]}}