{"id":53851,"date":"2025-10-01T23:01:51","date_gmt":"2025-10-02T04:01:51","guid":{"rendered":"https:\/\/tribecahm.com\/?post_type=product&#038;p=53851"},"modified":"2026-02-01T16:07:45","modified_gmt":"2026-02-01T21:07:45","slug":"puff-move-giratorio-tela-2049","status":"publish","type":"product","link":"https:\/\/tribecahm.com\/index.php\/producto\/puff-move-giratorio-tela-2049\/","title":{"rendered":"PUFF MOVE GIRATORIO TELA 2049"},"content":{"rendered":"<p>Los colores de las telas y tonalidades de los materiales de los productos que ofrecemos en nuestra p\u00e1gina web y redes sociales pueden diferir ligeramente de los tonos reales debido a las variaciones en la resoluci\u00f3n de su pantalla o monitor. Para garantizar una mayor precisi\u00f3n, recomendamos que verifique los colores en nuestra tienda antes de realizar su pedido, evitando as\u00ed cualquier confusi\u00f3n o la compra de un art\u00edculo diferente al esperado.<\/p>\n<p>Precios podr\u00edan variar sin previo aviso.<\/p>\n<p>Precios no incluye I.T.B.M.S<\/p>\n","protected":false},"excerpt":{"rendered":"<p>Un asiento vers\u00e1til y elegante que se adapta a cualquier espacio de tu hogar. El <strong data-start=\"195\" data-end=\"207\">Puff Move giratorio<\/strong>\u00a0puede usarse en la sala como asiento extra, en el comedor para complementar las sillas, en la peinadora del dormitorio o incluso guardarse debajo de un aparador para optimizar el espacio. Su dise\u00f1o compacto y pr\u00e1ctico lo convierte en una pieza imprescindible, combinando comodidad, estilo y funcionalidad.<\/p>\n","protected":false},"featured_media":53852,"template":"","meta":[],"product_brand":[],"product_cat":[241,190,209,147,160,151],"product_tag":[69,265,260],"class_list":{"0":"post-53851","1":"product","2":"type-product","3":"status-publish","4":"has-post-thumbnail","6":"product_cat-4newin","7":"product_cat-comedor","8":"product_cat-puff-salas-2","9":"product_cat-puff","10":"product_cat-puff-salas","11":"product_cat-salas","12":"product_tag-comedor","13":"product_tag-dormitorios","14":"product_tag-salas","16":"first","17":"instock","18":"taxable","19":"shipping-taxable","20":"product-type-simple"},"jetpack_sharing_enabled":true,"_links":{"self":[{"href":"https:\/\/tribecahm.com\/index.php\/wp-json\/wp\/v2\/product\/53851","targetHints":{"allow":["GET"]}}],"collection":[{"href":"https:\/\/tribecahm.com\/index.php\/wp-json\/wp\/v2\/product"}],"about":[{"href":"https:\/\/tribecahm.com\/index.php\/wp-json\/wp\/v2\/types\/product"}],"version-history":[{"count":3,"href":"https:\/\/tribecahm.com\/index.php\/wp-json\/wp\/v2\/product\/53851\/revisions"}],"predecessor-version":[{"id":54368,"href":"https:\/\/tribecahm.com\/index.php\/wp-json\/wp\/v2\/product\/53851\/revisions\/54368"}],"wp:featuredmedia":[{"embeddable":true,"href":"https:\/\/tribecahm.com\/index.php\/wp-json\/wp\/v2\/media\/53852"}],"wp:attachment":[{"href":"https:\/\/tribecahm.com\/index.php\/wp-json\/wp\/v2\/media?parent=53851"}],"wp:term":[{"taxonomy":"product_brand","embeddable":true,"href":"https:\/\/tribecahm.com\/index.php\/wp-json\/wp\/v2\/product_brand?post=53851"},{"taxonomy":"product_cat","embeddable":true,"href":"https:\/\/tribecahm.com\/index.php\/wp-json\/wp\/v2\/product_cat?post=53851"},{"taxonomy":"product_tag","embeddable":true,"href":"https:\/\/tribecahm.com\/index.php\/wp-json\/wp\/v2\/product_tag?post=53851"}],"curies":[{"name":"wp","href":"https:\/\/api.w.org\/{rel}","templated":true}]}}