{"id":54155,"date":"2025-11-07T17:22:42","date_gmt":"2025-11-07T22:22:42","guid":{"rendered":"https:\/\/tribecahm.com\/?post_type=product&#038;p=54155"},"modified":"2026-03-16T15:45:38","modified_gmt":"2026-03-16T20:45:38","slug":"aparador-ragnar","status":"publish","type":"product","link":"https:\/\/tribecahm.com\/index.php\/producto\/aparador-ragnar\/","title":{"rendered":"APARADOR RAGNAR"},"content":{"rendered":"<p>Los colores de las telas y tonalidades de los materiales de los productos que ofrecemos en nuestra p\u00e1gina web y redes sociales pueden diferir ligeramente de los tonos reales debido a las variaciones en la resoluci\u00f3n de su pantalla o monitor. Para garantizar una mayor precisi\u00f3n, recomendamos que verifique los colores en nuestra tienda antes de realizar su pedido, evitando as\u00ed cualquier confusi\u00f3n o la compra de un art\u00edculo diferente al esperado.<\/p>\n<p>40% de descuento por cambio de colecci\u00f3n, desde el 16 de marzo del 2026 hasta el 15 de junio del 2026. Una unidad disponible.<\/p>\n<p>Precios podr\u00edan variar sin previo aviso.<\/p>\n<p>Precios no incluye I.T.B.M.S.<\/p>\n","protected":false},"excerpt":{"rendered":"<p data-start=\"329\" data-end=\"612\">La <strong data-start=\"332\" data-end=\"351\">Bufetera Ragnar<\/strong> combina dise\u00f1o contempor\u00e1neo y funcionalidad. Fabricada en <strong data-start=\"411\" data-end=\"458\">l\u00e1mina de Tauari con patas en madera maciza<\/strong>, cuenta con <strong data-start=\"471\" data-end=\"498\">correderas telesc\u00f3picas<\/strong> y tiradores circulares integrados. Ideal para comedores o espacios sociales que buscan elegancia y practicidad.<\/p>\n<p data-start=\"614\" data-end=\"704\"><strong data-start=\"614\" data-end=\"626\">Medidas:<\/strong> Alto 76 cm \u00d7 Largo 170 cm \u00d7 Profundidad 45 cm.<br data-start=\"673\" data-end=\"676\" \/><strong data-start=\"676\" data-end=\"687\">Dise\u00f1o:<\/strong> Rodrigo Karam.<\/p>\n","protected":false},"featured_media":54156,"template":"","meta":[],"product_brand":[],"product_cat":[207,191,199,145,212,204,190,55,240,151],"product_tag":[261,247],"class_list":{"0":"post-54155","1":"product","2":"type-product","3":"status-publish","4":"has-post-thumbnail","6":"product_cat-aparador-areadecomedor","7":"product_cat-aparador","8":"product_cat-aparadores-salas","9":"product_cat-aparadores","10":"product_cat-bufeteras-comedor-2","11":"product_cat-bufeteras-comedor","12":"product_cat-comedor","13":"product_cat-areadecomedor","14":"product_cat-enoferta","15":"product_cat-salas","16":"product_tag-aparadorcomedorsala","17":"product_tag-bufetera","19":"first","20":"instock","21":"sale","22":"taxable","23":"shipping-taxable","24":"product-type-simple"},"jetpack_sharing_enabled":true,"_links":{"self":[{"href":"https:\/\/tribecahm.com\/index.php\/wp-json\/wp\/v2\/product\/54155","targetHints":{"allow":["GET"]}}],"collection":[{"href":"https:\/\/tribecahm.com\/index.php\/wp-json\/wp\/v2\/product"}],"about":[{"href":"https:\/\/tribecahm.com\/index.php\/wp-json\/wp\/v2\/types\/product"}],"version-history":[{"count":5,"href":"https:\/\/tribecahm.com\/index.php\/wp-json\/wp\/v2\/product\/54155\/revisions"}],"predecessor-version":[{"id":54455,"href":"https:\/\/tribecahm.com\/index.php\/wp-json\/wp\/v2\/product\/54155\/revisions\/54455"}],"wp:featuredmedia":[{"embeddable":true,"href":"https:\/\/tribecahm.com\/index.php\/wp-json\/wp\/v2\/media\/54156"}],"wp:attachment":[{"href":"https:\/\/tribecahm.com\/index.php\/wp-json\/wp\/v2\/media?parent=54155"}],"wp:term":[{"taxonomy":"product_brand","embeddable":true,"href":"https:\/\/tribecahm.com\/index.php\/wp-json\/wp\/v2\/product_brand?post=54155"},{"taxonomy":"product_cat","embeddable":true,"href":"https:\/\/tribecahm.com\/index.php\/wp-json\/wp\/v2\/product_cat?post=54155"},{"taxonomy":"product_tag","embeddable":true,"href":"https:\/\/tribecahm.com\/index.php\/wp-json\/wp\/v2\/product_tag?post=54155"}],"curies":[{"name":"wp","href":"https:\/\/api.w.org\/{rel}","templated":true}]}}