{"id":54272,"date":"2025-11-23T19:29:05","date_gmt":"2025-11-24T00:29:05","guid":{"rendered":"https:\/\/tribecahm.com\/?post_type=product&#038;p=54272"},"modified":"2026-01-18T14:45:37","modified_gmt":"2026-01-18T19:45:37","slug":"mesa-lateral-moet-3","status":"publish","type":"product","link":"https:\/\/tribecahm.com\/index.php\/producto\/mesa-lateral-moet-3\/","title":{"rendered":"MESA LATERAL MOET"},"content":{"rendered":"<p>Los colores de las telas y tonalidades de los materiales de los productos que ofrecemos en nuestra p\u00e1gina web y redes sociales pueden diferir ligeramente de los tonos reales debido a las variaciones en la resoluci\u00f3n de su pantalla o monitor. Para garantizar una mayor precisi\u00f3n, recomendamos que verifique los colores en nuestra tienda antes de realizar su pedido, evitando as\u00ed cualquier confusi\u00f3n o la compra de un art\u00edculo diferente al esperado.<\/p>\n<p>Precios podr\u00edan variar sin previo aviso.<\/p>\n<p>Precios no incluye I.T.B.M.S.<\/p>\n","protected":false},"excerpt":{"rendered":"<p>Mesa lateral Moet en metal fendi con tope de cemento color latte. Disponible en versi\u00f3n alta y baja, y tambi\u00e9n con tope en madera natural. Perfecta para mix &amp; match.<\/p>\n","protected":false},"featured_media":54274,"template":"","meta":[],"product_brand":[],"product_cat":[241,159,216,151],"product_tag":[],"class_list":{"0":"post-54272","1":"product","2":"type-product","3":"status-publish","4":"has-post-thumbnail","6":"product_cat-4newin","7":"product_cat-mesaslaterales","8":"product_cat-mesas-laterales","9":"product_cat-salas","11":"first","12":"instock","13":"taxable","14":"shipping-taxable","15":"product-type-simple"},"jetpack_sharing_enabled":true,"_links":{"self":[{"href":"https:\/\/tribecahm.com\/index.php\/wp-json\/wp\/v2\/product\/54272","targetHints":{"allow":["GET"]}}],"collection":[{"href":"https:\/\/tribecahm.com\/index.php\/wp-json\/wp\/v2\/product"}],"about":[{"href":"https:\/\/tribecahm.com\/index.php\/wp-json\/wp\/v2\/types\/product"}],"version-history":[{"count":1,"href":"https:\/\/tribecahm.com\/index.php\/wp-json\/wp\/v2\/product\/54272\/revisions"}],"predecessor-version":[{"id":54276,"href":"https:\/\/tribecahm.com\/index.php\/wp-json\/wp\/v2\/product\/54272\/revisions\/54276"}],"wp:featuredmedia":[{"embeddable":true,"href":"https:\/\/tribecahm.com\/index.php\/wp-json\/wp\/v2\/media\/54274"}],"wp:attachment":[{"href":"https:\/\/tribecahm.com\/index.php\/wp-json\/wp\/v2\/media?parent=54272"}],"wp:term":[{"taxonomy":"product_brand","embeddable":true,"href":"https:\/\/tribecahm.com\/index.php\/wp-json\/wp\/v2\/product_brand?post=54272"},{"taxonomy":"product_cat","embeddable":true,"href":"https:\/\/tribecahm.com\/index.php\/wp-json\/wp\/v2\/product_cat?post=54272"},{"taxonomy":"product_tag","embeddable":true,"href":"https:\/\/tribecahm.com\/index.php\/wp-json\/wp\/v2\/product_tag?post=54272"}],"curies":[{"name":"wp","href":"https:\/\/api.w.org\/{rel}","templated":true}]}}