{"id":54653,"date":"2026-04-22T12:31:06","date_gmt":"2026-04-22T17:31:06","guid":{"rendered":"https:\/\/tribecahm.com\/?post_type=product&#038;p=54653"},"modified":"2026-04-22T13:16:15","modified_gmt":"2026-04-22T18:16:15","slug":"sofatable-montecarlo","status":"publish","type":"product","link":"https:\/\/tribecahm.com\/index.php\/producto\/sofatable-montecarlo\/","title":{"rendered":"SOFATABLE MONTECARLO"},"content":{"rendered":"<p>Los colores de las telas y tonalidades de los materiales de los productos que ofrecemos en nuestra p\u00e1gina web y redes sociales pueden diferir ligeramente de los tonos reales debido a las variaciones en la resoluci\u00f3n de su pantalla o monitor. Para garantizar una mayor precisi\u00f3n, recomendamos que verifique los colores en nuestra tienda antes de realizar su pedido, evitando as\u00ed cualquier confusi\u00f3n o la compra de un art\u00edculo diferente al esperado.<\/p>\n<p>Descuento del 30% off desde el 16 de marzo hasta el 15 de junio del 2026.<\/p>\n<p>Precios podr\u00edan variar sin previo aviso.<\/p>\n<p>Precios no incluye I.T.B.M.S.<\/p>\n","protected":false},"excerpt":{"rendered":"<p data-start=\"614\" data-end=\"704\">El Sofa Table Montecarlo es una pieza dise\u00f1ada para complementar y transformar la distribuci\u00f3n de la sala, especialmente en espacios donde los sof\u00e1s no est\u00e1n apoyados contra la pared. Ubicado estrat\u00e9gicamente detr\u00e1s del sof\u00e1, este elemento no solo aporta funcionalidad, sino que eleva el dise\u00f1o del ambiente, permitiendo incorporar decoraci\u00f3n, iluminaci\u00f3n o elementos decorativos que enriquecen visualmente el espacio.<\/p>\n<p data-start=\"614\" data-end=\"704\"><strong data-start=\"614\" data-end=\"626\">Medidas:<\/strong><\/p>\n<ul>\n<li data-section-id=\"8llrx5\" data-start=\"1405\" data-end=\"1422\">Largo: 200 cm<\/li>\n<li data-section-id=\"1fyguuc\" data-start=\"1423\" data-end=\"1445\">Profundidad: 40 cm<\/li>\n<li data-section-id=\"ime3pm\" data-start=\"1446\" data-end=\"1461\">Alto: 55 cm<\/li>\n<\/ul>\n<p data-start=\"614\" data-end=\"704\"><strong data-start=\"614\" data-end=\"626\">Acabado: <\/strong>Laca fendi, metal champagne.<\/p>\n","protected":false},"featured_media":54655,"template":"","meta":[],"product_brand":[],"product_cat":[207,191,199,145,212,204,190,55,240,151],"product_tag":[261,247],"class_list":{"0":"post-54653","1":"product","2":"type-product","3":"status-publish","4":"has-post-thumbnail","6":"product_cat-aparador-areadecomedor","7":"product_cat-aparador","8":"product_cat-aparadores-salas","9":"product_cat-aparadores","10":"product_cat-bufeteras-comedor-2","11":"product_cat-bufeteras-comedor","12":"product_cat-comedor","13":"product_cat-areadecomedor","14":"product_cat-enoferta","15":"product_cat-salas","16":"product_tag-aparadorcomedorsala","17":"product_tag-bufetera","19":"first","20":"instock","21":"sale","22":"taxable","23":"shipping-taxable","24":"product-type-simple"},"jetpack_sharing_enabled":true,"_links":{"self":[{"href":"https:\/\/tribecahm.com\/index.php\/wp-json\/wp\/v2\/product\/54653","targetHints":{"allow":["GET"]}}],"collection":[{"href":"https:\/\/tribecahm.com\/index.php\/wp-json\/wp\/v2\/product"}],"about":[{"href":"https:\/\/tribecahm.com\/index.php\/wp-json\/wp\/v2\/types\/product"}],"version-history":[{"count":4,"href":"https:\/\/tribecahm.com\/index.php\/wp-json\/wp\/v2\/product\/54653\/revisions"}],"predecessor-version":[{"id":54669,"href":"https:\/\/tribecahm.com\/index.php\/wp-json\/wp\/v2\/product\/54653\/revisions\/54669"}],"wp:featuredmedia":[{"embeddable":true,"href":"https:\/\/tribecahm.com\/index.php\/wp-json\/wp\/v2\/media\/54655"}],"wp:attachment":[{"href":"https:\/\/tribecahm.com\/index.php\/wp-json\/wp\/v2\/media?parent=54653"}],"wp:term":[{"taxonomy":"product_brand","embeddable":true,"href":"https:\/\/tribecahm.com\/index.php\/wp-json\/wp\/v2\/product_brand?post=54653"},{"taxonomy":"product_cat","embeddable":true,"href":"https:\/\/tribecahm.com\/index.php\/wp-json\/wp\/v2\/product_cat?post=54653"},{"taxonomy":"product_tag","embeddable":true,"href":"https:\/\/tribecahm.com\/index.php\/wp-json\/wp\/v2\/product_tag?post=54653"}],"curies":[{"name":"wp","href":"https:\/\/api.w.org\/{rel}","templated":true}]}}